{"id":18,"date":"2016-04-29T19:20:38","date_gmt":"2016-04-29T18:20:38","guid":{"rendered":"http:\/\/hotelplazalasmatas.com\/?page_id=18"},"modified":"2024-09-02T15:33:18","modified_gmt":"2024-09-02T14:33:18","slug":"habitaciones","status":"publish","type":"page","link":"https:\/\/hotelplazalasmatas.com\/?page_id=18","title":{"rendered":"Habitaciones"},"content":{"rendered":"<p>El hotel cuenta con 57 amplias habitaciones reci\u00e9n renovadas.<\/p>\n<p>De ellas, 4 son Deluxe con sal\u00f3n independiente del dormitorio y con sof\u00e1 cama. 53 habitaciones son dobles, equipadas con cama de matrimonio de 2&#215;2 o doble cama de 1.05&#215;2.<\/p>\n<p>Todas las habitaciones disponen de ba\u00f1o privado totalmente equipado con ba\u00f1o\/ducha, secador de pelo, suelo radiante y acabado en m\u00e1rmol y gres porcel\u00e1nico que le confieren una gran limpieza, sencillez y comodidad.<\/p>\n<p>Las habitaciones disponen de aire acondicionado con opci\u00f3n de bomba de calor, ventanas con rotura de puente t\u00e9rmico y gran aislamiento ac\u00fastico, TV led de alta definici\u00f3n de 32\u00bb con mando a distancia, tel\u00e9fono, servicio wifi gratuito, minibar y caja de seguridad gratuita.<\/p>\n<p><img loading=\"lazy\" decoding=\"async\" class=\"aligncenter  wp-image-377\" src=\"http:\/\/hotelplazalasmatas.com\/wp-content\/uploads\/2024\/09\/0012-1024x768.jpg\" alt=\"\" width=\"410\" height=\"308\" srcset=\"https:\/\/hotelplazalasmatas.com\/wp-content\/uploads\/2024\/09\/0012-1024x768.jpg 1024w, https:\/\/hotelplazalasmatas.com\/wp-content\/uploads\/2024\/09\/0012-300x225.jpg 300w, https:\/\/hotelplazalasmatas.com\/wp-content\/uploads\/2024\/09\/0012-768x576.jpg 768w, https:\/\/hotelplazalasmatas.com\/wp-content\/uploads\/2024\/09\/0012-1536x1152.jpg 1536w, https:\/\/hotelplazalasmatas.com\/wp-content\/uploads\/2024\/09\/0012.jpg 2048w\" sizes=\"auto, (max-width: 410px) 100vw, 410px\" \/><\/p>\n<p><img loading=\"lazy\" decoding=\"async\" class=\"aligncenter  wp-image-381\" src=\"http:\/\/hotelplazalasmatas.com\/wp-content\/uploads\/2024\/09\/0016-1024x768.jpg\" alt=\"\" width=\"410\" height=\"308\" srcset=\"https:\/\/hotelplazalasmatas.com\/wp-content\/uploads\/2024\/09\/0016-1024x768.jpg 1024w, https:\/\/hotelplazalasmatas.com\/wp-content\/uploads\/2024\/09\/0016-300x225.jpg 300w, https:\/\/hotelplazalasmatas.com\/wp-content\/uploads\/2024\/09\/0016-768x576.jpg 768w, https:\/\/hotelplazalasmatas.com\/wp-content\/uploads\/2024\/09\/0016-1536x1152.jpg 1536w, https:\/\/hotelplazalasmatas.com\/wp-content\/uploads\/2024\/09\/0016.jpg 2048w\" sizes=\"auto, (max-width: 410px) 100vw, 410px\" \/><\/p>\n<p><img loading=\"lazy\" decoding=\"async\" class=\"aligncenter  wp-image-386\" src=\"http:\/\/hotelplazalasmatas.com\/wp-content\/uploads\/2024\/09\/0021-1024x768.jpg\" alt=\"\" width=\"410\" height=\"308\" srcset=\"https:\/\/hotelplazalasmatas.com\/wp-content\/uploads\/2024\/09\/0021-1024x768.jpg 1024w, https:\/\/hotelplazalasmatas.com\/wp-content\/uploads\/2024\/09\/0021-300x225.jpg 300w, https:\/\/hotelplazalasmatas.com\/wp-content\/uploads\/2024\/09\/0021-768x576.jpg 768w, https:\/\/hotelplazalasmatas.com\/wp-content\/uploads\/2024\/09\/0021-1536x1152.jpg 1536w, https:\/\/hotelplazalasmatas.com\/wp-content\/uploads\/2024\/09\/0021.jpg 2048w\" sizes=\"auto, (max-width: 410px) 100vw, 410px\" \/><\/p>\n<p><img loading=\"lazy\" decoding=\"async\" class=\"aligncenter wp-image-412 \" src=\"http:\/\/hotelplazalasmatas.com\/wp-content\/uploads\/2024\/09\/0025-1-1024x768.jpeg\" alt=\"\" width=\"410\" height=\"307\" srcset=\"https:\/\/hotelplazalasmatas.com\/wp-content\/uploads\/2024\/09\/0025-1-1024x768.jpeg 1024w, https:\/\/hotelplazalasmatas.com\/wp-content\/uploads\/2024\/09\/0025-1-300x225.jpeg 300w, https:\/\/hotelplazalasmatas.com\/wp-content\/uploads\/2024\/09\/0025-1-768x576.jpeg 768w, https:\/\/hotelplazalasmatas.com\/wp-content\/uploads\/2024\/09\/0025-1-1536x1152.jpeg 1536w, https:\/\/hotelplazalasmatas.com\/wp-content\/uploads\/2024\/09\/0025-1-2048x1536.jpeg 2048w\" sizes=\"auto, (max-width: 410px) 100vw, 410px\" \/><\/p>\n\n<div class=\"wp-block-image\">\n<figure class=\"aligncenter size-large is-resized\"><img loading=\"lazy\" decoding=\"async\" width=\"1024\" height=\"768\" src=\"http:\/\/hotelplazalasmatas.com\/wp-content\/uploads\/2024\/09\/0032-1024x768.jpg\" alt=\"\" class=\"wp-image-398\" style=\"object-fit:cover;width:410px;height:307px\" srcset=\"https:\/\/hotelplazalasmatas.com\/wp-content\/uploads\/2024\/09\/0032-1024x768.jpg 1024w, https:\/\/hotelplazalasmatas.com\/wp-content\/uploads\/2024\/09\/0032-300x225.jpg 300w, https:\/\/hotelplazalasmatas.com\/wp-content\/uploads\/2024\/09\/0032-768x576.jpg 768w, https:\/\/hotelplazalasmatas.com\/wp-content\/uploads\/2024\/09\/0032-1536x1152.jpg 1536w, https:\/\/hotelplazalasmatas.com\/wp-content\/uploads\/2024\/09\/0032.jpg 2048w\" sizes=\"auto, (max-width: 1024px) 100vw, 1024px\" \/><\/figure><\/div>","protected":false},"excerpt":{"rendered":"<p>El hotel cuenta con 57 amplias habitaciones reci\u00e9n renovadas. De ellas, 4 son Deluxe con sal\u00f3n independiente del dormitorio y con sof\u00e1 cama. 53 habitaciones son dobles, equipadas con cama de matrimonio de 2&#215;2 o doble cama de 1.05&#215;2. Todas las habitaciones disponen de ba\u00f1o privado totalmente equipado con ba\u00f1o\/ducha, secador de pelo, suelo radiante [&hellip;]<\/p>\n","protected":false},"author":1,"featured_media":0,"parent":0,"menu_order":2,"comment_status":"closed","ping_status":"closed","template":"template-fullwidth.php","meta":{"footnotes":""},"class_list":["post-18","page","type-page","status-publish","hentry"],"_links":{"self":[{"href":"https:\/\/hotelplazalasmatas.com\/index.php?rest_route=\/wp\/v2\/pages\/18","targetHints":{"allow":["GET"]}}],"collection":[{"href":"https:\/\/hotelplazalasmatas.com\/index.php?rest_route=\/wp\/v2\/pages"}],"about":[{"href":"https:\/\/hotelplazalasmatas.com\/index.php?rest_route=\/wp\/v2\/types\/page"}],"author":[{"embeddable":true,"href":"https:\/\/hotelplazalasmatas.com\/index.php?rest_route=\/wp\/v2\/users\/1"}],"replies":[{"embeddable":true,"href":"https:\/\/hotelplazalasmatas.com\/index.php?rest_route=%2Fwp%2Fv2%2Fcomments&post=18"}],"version-history":[{"count":8,"href":"https:\/\/hotelplazalasmatas.com\/index.php?rest_route=\/wp\/v2\/pages\/18\/revisions"}],"predecessor-version":[{"id":414,"href":"https:\/\/hotelplazalasmatas.com\/index.php?rest_route=\/wp\/v2\/pages\/18\/revisions\/414"}],"wp:attachment":[{"href":"https:\/\/hotelplazalasmatas.com\/index.php?rest_route=%2Fwp%2Fv2%2Fmedia&parent=18"}],"curies":[{"name":"wp","href":"https:\/\/api.w.org\/{rel}","templated":true}]}}