{"id":22,"date":"2016-05-05T11:05:39","date_gmt":"2016-05-05T10:05:39","guid":{"rendered":"http:\/\/hotelplazalasmatas.com\/?page_id=22"},"modified":"2020-06-01T09:48:55","modified_gmt":"2020-06-01T08:48:55","slug":"eventos","status":"publish","type":"page","link":"https:\/\/hotelplazalasmatas.com\/?page_id=22","title":{"rendered":"Eventos"},"content":{"rendered":"<p><img loading=\"lazy\" decoding=\"async\" class=\"alignnone wp-image-32\" src=\"http:\/\/hotelplazalasmatas.com\/wp-content\/uploads\/2016\/05\/Eventos_3_1000x667-768x512.jpg\" alt=\"Eventos_3_1000x667\" width=\"768\" height=\"512\" \/><\/p>\n<p><strong>SAL\u00d3N PLAZA<\/strong><\/p>\n<p>Sal\u00f3n de 100m2, con capacidad m\u00e1xima de 60 personas <img loading=\"lazy\" decoding=\"async\" class=\"alignnone size-full wp-image-49\" src=\"http:\/\/hotelplazalasmatas.com\/wp-content\/uploads\/2016\/05\/Icon-Capacidad.png\" alt=\"Icon-Capacidad\" width=\"20\" height=\"16\" \/>\u00a0, el Sal\u00f3n Plaza se convierte en la mejor elecci\u00f3n para eventos o reuniones que requieren un \u00e1mbito agradable y privado.<\/p>\n<p>El sal\u00f3n se encuentra situado en la primera planta del hotel, con hall de acceso y amplio ventanal que proporciona luz natural creando as\u00ed el escenario ideal para el evento familiar o de empresa que necesitas.<\/p>\n<p>Capacidades:<\/p>\n<table style=\"border: 0px solid white;\">\n<tbody>\n<tr style=\"border: 0px solid white;\">\n<td style=\"border: 0px solid white;\"><img loading=\"lazy\" decoding=\"async\" class=\"alignnone size-full wp-image-49\" src=\"http:\/\/hotelplazalasmatas.com\/wp-content\/uploads\/2016\/05\/Icon-Capacidad.png\" alt=\"Icon-Capacidad\" width=\"20\" height=\"16\" \/>\u00a0M\u00e1ximo 60 personas<\/td>\n<td style=\"border: 0px solid white;\"><img loading=\"lazy\" decoding=\"async\" class=\"alignnone size-full wp-image-54\" src=\"http:\/\/hotelplazalasmatas.com\/wp-content\/uploads\/2016\/05\/Icon-U.png\" alt=\"Icon-U\" width=\"24\" height=\"25\" \/>\u00a0Forma de U: 35 personas<\/td>\n<\/tr>\n<tr>\n<td style=\"border: 0px solid white;\"><img loading=\"lazy\" decoding=\"async\" class=\"alignnone size-full wp-image-51\" src=\"http:\/\/hotelplazalasmatas.com\/wp-content\/uploads\/2016\/05\/Icon-Escuela.png\" alt=\"Icon-Escuela\" width=\"24\" height=\"25\" \/>\u00a0Escuela: 35 personas<\/td>\n<td style=\"border: 0px solid white;\"><img loading=\"lazy\" decoding=\"async\" class=\"alignnone size-full wp-image-53\" src=\"http:\/\/hotelplazalasmatas.com\/wp-content\/uploads\/2016\/05\/Icon-Teatro.png\" alt=\"Icon-Teatro\" width=\"24\" height=\"25\" \/>\u00a0Teatro: 60 personas<\/td>\n<\/tr>\n<tr>\n<td style=\"border: 0px solid white;\"><img loading=\"lazy\" decoding=\"async\" class=\"alignnone size-full wp-image-52\" src=\"http:\/\/hotelplazalasmatas.com\/wp-content\/uploads\/2016\/05\/Icon-imperial.png\" alt=\"Icon-imperial\" width=\"24\" height=\"25\" \/>\u00a0Imperial: 35 personas<\/td>\n<td style=\"border: 0px solid white;\"><img loading=\"lazy\" decoding=\"async\" class=\"alignnone size-full wp-image-50\" src=\"http:\/\/hotelplazalasmatas.com\/wp-content\/uploads\/2016\/05\/Icon-Coctel.png\" alt=\"Icon-Coctel\" width=\"24\" height=\"25\" \/>\u00a0C\u00f3ctel: 60 personas<\/td>\n<\/tr>\n<\/tbody>\n<\/table>\n<p><img loading=\"lazy\" decoding=\"async\" class=\"size-medium wp-image-24 aligncenter\" src=\"http:\/\/hotelplazalasmatas.com\/wp-content\/uploads\/2016\/05\/Eventos_1_1000x667-768x512.jpg\" alt=\"Eventos_1_1000x667\" width=\"768\" height=\"512\" srcset=\"https:\/\/hotelplazalasmatas.com\/wp-content\/uploads\/2016\/05\/Eventos_1_1000x667-768x512.jpg 768w, https:\/\/hotelplazalasmatas.com\/wp-content\/uploads\/2016\/05\/Eventos_1_1000x667-300x200.jpg 300w, https:\/\/hotelplazalasmatas.com\/wp-content\/uploads\/2016\/05\/Eventos_1_1000x667.jpg 1000w\" sizes=\"auto, (max-width: 768px) 100vw, 768px\" \/><br \/>\n<img loading=\"lazy\" decoding=\"async\" class=\"size-medium wp-image-25 aligncenter\" src=\"http:\/\/hotelplazalasmatas.com\/wp-content\/uploads\/2016\/05\/Eventos_2_1000x667-768x512.jpg\" alt=\"Eventos_2_1000x667\" width=\"768\" height=\"512\" srcset=\"https:\/\/hotelplazalasmatas.com\/wp-content\/uploads\/2016\/05\/Eventos_2_1000x667-768x512.jpg 768w, https:\/\/hotelplazalasmatas.com\/wp-content\/uploads\/2016\/05\/Eventos_2_1000x667-300x200.jpg 300w, https:\/\/hotelplazalasmatas.com\/wp-content\/uploads\/2016\/05\/Eventos_2_1000x667.jpg 1000w\" sizes=\"auto, (max-width: 768px) 100vw, 768px\" \/><\/p>\n<p>&nbsp;<\/p>\n<p><a href=\"mailto:reservas@hotelplazalasmatas.com\">Solicitar presupuesto<\/a><\/p>\n<p>&nbsp;<\/p>\n","protected":false},"excerpt":{"rendered":"<p>SAL\u00d3N PLAZA Sal\u00f3n de 100m2, con capacidad m\u00e1xima de 60 personas \u00a0, el Sal\u00f3n Plaza se convierte en la mejor elecci\u00f3n para eventos o reuniones que requieren un \u00e1mbito agradable y privado. El sal\u00f3n se encuentra situado en la primera planta del hotel, con hall de acceso y amplio ventanal que proporciona luz natural creando [&hellip;]<\/p>\n","protected":false},"author":1,"featured_media":26,"parent":0,"menu_order":3,"comment_status":"closed","ping_status":"closed","template":"template-fullwidth.php","meta":{"footnotes":""},"class_list":["post-22","page","type-page","status-publish","has-post-thumbnail","hentry"],"_links":{"self":[{"href":"https:\/\/hotelplazalasmatas.com\/index.php?rest_route=\/wp\/v2\/pages\/22","targetHints":{"allow":["GET"]}}],"collection":[{"href":"https:\/\/hotelplazalasmatas.com\/index.php?rest_route=\/wp\/v2\/pages"}],"about":[{"href":"https:\/\/hotelplazalasmatas.com\/index.php?rest_route=\/wp\/v2\/types\/page"}],"author":[{"embeddable":true,"href":"https:\/\/hotelplazalasmatas.com\/index.php?rest_route=\/wp\/v2\/users\/1"}],"replies":[{"embeddable":true,"href":"https:\/\/hotelplazalasmatas.com\/index.php?rest_route=%2Fwp%2Fv2%2Fcomments&post=22"}],"version-history":[{"count":20,"href":"https:\/\/hotelplazalasmatas.com\/index.php?rest_route=\/wp\/v2\/pages\/22\/revisions"}],"predecessor-version":[{"id":61,"href":"https:\/\/hotelplazalasmatas.com\/index.php?rest_route=\/wp\/v2\/pages\/22\/revisions\/61"}],"wp:featuredmedia":[{"embeddable":true,"href":"https:\/\/hotelplazalasmatas.com\/index.php?rest_route=\/wp\/v2\/media\/26"}],"wp:attachment":[{"href":"https:\/\/hotelplazalasmatas.com\/index.php?rest_route=%2Fwp%2Fv2%2Fmedia&parent=22"}],"curies":[{"name":"wp","href":"https:\/\/api.w.org\/{rel}","templated":true}]}}